{"id":5503,"date":"2026-03-03T23:07:22","date_gmt":"2026-03-03T23:07:22","guid":{"rendered":"https:\/\/boulingrinquebecbowls.ca\/?page_id=5503"},"modified":"2026-03-06T23:17:31","modified_gmt":"2026-03-06T23:17:31","slug":"results-2018-to-2024","status":"publish","type":"page","link":"https:\/\/boulingrinquebecbowls.ca\/fr\/results-2018-to-2024\/","title":{"rendered":"Results 2018 to 2024"},"content":{"rendered":"\n\n\n<style>.kb-row-layout-id5503_4fd0b2-10 > .kt-row-column-wrap{align-content:start;}:where(.kb-row-layout-id5503_4fd0b2-10 > .kt-row-column-wrap) > .wp-block-kadence-column{justify-content:start;}.kb-row-layout-id5503_4fd0b2-10 > .kt-row-column-wrap{column-gap:var(--global-kb-gap-md, 2rem);row-gap:var(--global-kb-gap-md, 2rem);padding-top:var(--global-kb-spacing-sm, 1.5rem);padding-bottom:var(--global-kb-spacing-sm, 1.5rem);grid-template-columns:minmax(0, 1fr);}.kb-row-layout-id5503_4fd0b2-10 > .kt-row-layout-overlay{opacity:0.30;}@media all and (max-width: 1024px){.kb-row-layout-id5503_4fd0b2-10 > .kt-row-column-wrap{grid-template-columns:minmax(0, 1fr);}}@media all and (max-width: 767px){.kb-row-layout-id5503_4fd0b2-10 > .kt-row-column-wrap{grid-template-columns:minmax(0, 1fr);}}<\/style><div class=\"kb-row-layout-wrap kb-row-layout-id5503_4fd0b2-10 alignnone wp-block-kadence-rowlayout\"><div class=\"kt-row-column-wrap kt-has-1-columns kt-row-layout-equal kt-tab-layout-inherit kt-mobile-layout-row kt-row-valign-top\">\n<style>.kadence-column5503_108e6b-c6 > .kt-inside-inner-col,.kadence-column5503_108e6b-c6 > .kt-inside-inner-col:before{border-top-left-radius:0px;border-top-right-radius:0px;border-bottom-right-radius:0px;border-bottom-left-radius:0px;}.kadence-column5503_108e6b-c6 > .kt-inside-inner-col{column-gap:var(--global-kb-gap-sm, 1rem);}.kadence-column5503_108e6b-c6 > .kt-inside-inner-col{flex-direction:column;}.kadence-column5503_108e6b-c6 > .kt-inside-inner-col > .aligncenter{width:100%;}.kadence-column5503_108e6b-c6 > .kt-inside-inner-col:before{opacity:0.3;}.kadence-column5503_108e6b-c6{position:relative;}@media all and (max-width: 1024px){.kadence-column5503_108e6b-c6 > .kt-inside-inner-col{flex-direction:column;justify-content:center;}}@media all and (max-width: 767px){.kadence-column5503_108e6b-c6 > .kt-inside-inner-col{flex-direction:column;justify-content:center;}}<\/style>\n<div class=\"wp-block-kadence-column kadence-column5503_108e6b-c6\"><div class=\"kt-inside-inner-col\">\n<h2 class=\"wp-block-heading has-text-align-center has--font-size\">2018 to 2024 Final Results<\/h2>\n<\/div><\/div>\n\n<\/div><\/div>\n\n<style>.kb-row-layout-id5503_c4c662-4b > .kt-row-column-wrap{align-content:start;}:where(.kb-row-layout-id5503_c4c662-4b > .kt-row-column-wrap) > .wp-block-kadence-column{justify-content:start;}.kb-row-layout-id5503_c4c662-4b > .kt-row-column-wrap{column-gap:var(--global-kb-gap-md, 2rem);row-gap:var(--global-kb-gap-md, 2rem);padding-top:var(--global-kb-spacing-sm, 1.5rem);padding-bottom:var(--global-kb-spacing-sm, 1.5rem);grid-template-columns:minmax(0, 1fr);}.kb-row-layout-id5503_c4c662-4b > .kt-row-layout-overlay{opacity:0.30;}@media all and (max-width: 1024px){.kb-row-layout-id5503_c4c662-4b > .kt-row-column-wrap{grid-template-columns:minmax(0, 1fr);}}@media all and (max-width: 767px){.kb-row-layout-id5503_c4c662-4b > .kt-row-column-wrap{grid-template-columns:minmax(0, 1fr);}}<\/style><div class=\"kb-row-layout-wrap kb-row-layout-id5503_c4c662-4b alignnone wp-block-kadence-rowlayout\"><div class=\"kt-row-column-wrap kt-has-1-columns kt-row-layout-equal kt-tab-layout-inherit kt-mobile-layout-row kt-row-valign-top\">\n\n<\/div><\/div>\n\n<style>.kb-row-layout-id5503_5f49a1-ba > .kt-row-column-wrap{align-content:start;}:where(.kb-row-layout-id5503_5f49a1-ba > .kt-row-column-wrap) > .wp-block-kadence-column{justify-content:start;}.kb-row-layout-id5503_5f49a1-ba > .kt-row-column-wrap{column-gap:var(--global-kb-gap-md, 2rem);row-gap:var(--global-kb-gap-md, 2rem);padding-top:var(--global-kb-spacing-sm, 1.5rem);padding-bottom:var(--global-kb-spacing-sm, 1.5rem);grid-template-columns:minmax(0, 1fr);}.kb-row-layout-id5503_5f49a1-ba > .kt-row-layout-overlay{opacity:0.30;}@media all and (max-width: 1024px){.kb-row-layout-id5503_5f49a1-ba > .kt-row-column-wrap{grid-template-columns:minmax(0, 1fr);}}@media all and (max-width: 767px){.kb-row-layout-id5503_5f49a1-ba > .kt-row-column-wrap{grid-template-columns:minmax(0, 1fr);}}<\/style><div class=\"kb-row-layout-wrap kb-row-layout-id5503_5f49a1-ba alignnone wp-block-kadence-rowlayout\"><div class=\"kt-row-column-wrap kt-has-1-columns kt-row-layout-equal kt-tab-layout-inherit kt-mobile-layout-row kt-row-valign-top\">\n<style>.kadence-column5503_ccd00c-6a > .kt-inside-inner-col,.kadence-column5503_ccd00c-6a > .kt-inside-inner-col:before{border-top-left-radius:0px;border-top-right-radius:0px;border-bottom-right-radius:0px;border-bottom-left-radius:0px;}.kadence-column5503_ccd00c-6a > .kt-inside-inner-col{column-gap:var(--global-kb-gap-sm, 1rem);}.kadence-column5503_ccd00c-6a > .kt-inside-inner-col{flex-direction:column;}.kadence-column5503_ccd00c-6a > .kt-inside-inner-col > .aligncenter{width:100%;}.kadence-column5503_ccd00c-6a > .kt-inside-inner-col:before{opacity:0.3;}.kadence-column5503_ccd00c-6a{position:relative;}@media all and (max-width: 1024px){.kadence-column5503_ccd00c-6a > .kt-inside-inner-col{flex-direction:column;justify-content:center;}}@media all and (max-width: 767px){.kadence-column5503_ccd00c-6a > .kt-inside-inner-col{flex-direction:column;justify-content:center;}}<\/style>\n<div class=\"wp-block-kadence-column kadence-column5503_ccd00c-6a\"><div class=\"kt-inside-inner-col\"><div class=\"_df_book df-lite\" id=\"df_5564\"  _slug=\"results-2018-to-2024-2\" data-title=\"results-2018-to-2024fr\" wpoptions=\"true\" thumbtype=\"\" ><\/div><script class=\"df-shortcode-script\" nowprocket type=\"application\/javascript\">window.option_df_5564 = {\"outline\":[],\"autoEnableOutline\":\"false\",\"autoEnableThumbnail\":\"false\",\"overwritePDFOutline\":\"false\",\"direction\":\"1\",\"pageSize\":\"0\",\"source\":\"https:\\\/\\\/boulingrinquebecbowls.ca\\\/wp-content\\\/uploads\\\/2026\\\/03\\\/results2018to24fr.pdf\",\"wpOptions\":\"true\"}; if(window.DFLIP && window.DFLIP.parseBooks){window.DFLIP.parseBooks();}<\/script>\n<\/div><\/div>\n\n<\/div><\/div>\n\n\n\n\n<div class=\"wp-block-embedpress-embedpress-pdf\"><div id=\"ep-gutenberg-content-d41d8cd98f00b204e9800998ecf8427e\" class=\"ep-gutenberg-content\"><div class=\"embedpress-document-embed ep-doc-embedpress-pdf-1772738515122   ep-percentage-width\" style=\"width:100%;height:900px;max-width:100%\" id=\"ep-doc-undefined\" data-source-id=\"source-undefined\" data-embed-type=\"PDF\"><div class=\"ep-embed-content-wraper\"><div class=\"position-right-wraper gutenberg-pdf-wraper\"><div class=\"main-content-wraper\"><iframe title=\"results2018to24fr\" style=\"height:900px;width:100%;max-width:100%\" class=\"embedpress-embed-document-pdf embedpress-pdf-1772738515122\" data-emid=\"embedpress-pdf-1772738515122\" data-viewer-style=\"modern\" src=\"https:\/\/boulingrinquebecbowls.ca\/wp-admin\/admin-ajax.php?action=get_viewer&amp;scrolling=-1&amp;selection_tool=0&amp;spreads=0&amp;file=https%3A%2F%2Fboulingrinquebecbowls.ca%2Fwp-content%2Fuploads%2F2026%2F03%2Fresults2018to24fr.pdf#key=dGhlbWVNb2RlPWRlZmF1bHQmcHJlc2VudGF0aW9uPXRydWUmbGF6eUxvYWQ9ZmFsc2UmcG9zaXRpb249dG9wJmZsaXBib29rX3Rvb2xiYXJfcG9zaXRpb249Ym90dG9tJmRvd25sb2FkPXRydWUmdG9vbGJhcj10cnVlJmNvcHlfdGV4dD10cnVlJmFkZF90ZXh0PXRydWUmZHJhdz1mYWxzZSZkb2NfZGV0YWlscz10cnVlJmRvY19yb3RhdGlvbj10cnVlJmFkZF9pbWFnZT10cnVlJnpvb21faW49dHJ1ZSZ6b29tX291dD10cnVlJmZpdF92aWV3PXRydWUmYm9va21hcms9dHJ1ZSZzZWxlY3Rpb25fdG9vbD0wJnNjcm9sbGluZz0tMSZzcHJlYWRzPTA=\"><\/iframe><\/div><\/div><\/div><\/div><\/div><\/div>\n\n\n<style>.wp-block-kadence-advancedheading.kt-adv-heading5503_2169f9-36, .wp-block-kadence-advancedheading.kt-adv-heading5503_2169f9-36[data-kb-block=\"kb-adv-heading5503_2169f9-36\"]{font-style:normal;}.wp-block-kadence-advancedheading.kt-adv-heading5503_2169f9-36 mark.kt-highlight, .wp-block-kadence-advancedheading.kt-adv-heading5503_2169f9-36[data-kb-block=\"kb-adv-heading5503_2169f9-36\"] mark.kt-highlight{font-style:normal;color:#f76a0c;-webkit-box-decoration-break:clone;box-decoration-break:clone;padding-top:0px;padding-right:0px;padding-bottom:0px;padding-left:0px;}.wp-block-kadence-advancedheading.kt-adv-heading5503_2169f9-36 img.kb-inline-image, .wp-block-kadence-advancedheading.kt-adv-heading5503_2169f9-36[data-kb-block=\"kb-adv-heading5503_2169f9-36\"] img.kb-inline-image{width:150px;vertical-align:baseline;}<\/style>\n<p class=\"kt-adv-heading5503_2169f9-36 wp-block-kadence-advancedheading\" data-kb-block=\"kb-adv-heading5503_2169f9-36\"><\/p>\n\n\n<style>.wp-block-kadence-advancedheading.kt-adv-heading5503_840117-e5, .wp-block-kadence-advancedheading.kt-adv-heading5503_840117-e5[data-kb-block=\"kb-adv-heading5503_840117-e5\"]{font-style:normal;}.wp-block-kadence-advancedheading.kt-adv-heading5503_840117-e5 mark.kt-highlight, .wp-block-kadence-advancedheading.kt-adv-heading5503_840117-e5[data-kb-block=\"kb-adv-heading5503_840117-e5\"] mark.kt-highlight{font-style:normal;color:#f76a0c;-webkit-box-decoration-break:clone;box-decoration-break:clone;padding-top:0px;padding-right:0px;padding-bottom:0px;padding-left:0px;}.wp-block-kadence-advancedheading.kt-adv-heading5503_840117-e5 img.kb-inline-image, .wp-block-kadence-advancedheading.kt-adv-heading5503_840117-e5[data-kb-block=\"kb-adv-heading5503_840117-e5\"] img.kb-inline-image{width:150px;vertical-align:baseline;}<\/style>\n<p class=\"kt-adv-heading5503_840117-e5 wp-block-kadence-advancedheading\" data-kb-block=\"kb-adv-heading5503_840117-e5\"><\/p>\n\n\n<style>.wp-block-kadence-advancedheading.kt-adv-heading5503_79207f-98, .wp-block-kadence-advancedheading.kt-adv-heading5503_79207f-98[data-kb-block=\"kb-adv-heading5503_79207f-98\"]{font-style:normal;}.wp-block-kadence-advancedheading.kt-adv-heading5503_79207f-98 mark.kt-highlight, .wp-block-kadence-advancedheading.kt-adv-heading5503_79207f-98[data-kb-block=\"kb-adv-heading5503_79207f-98\"] mark.kt-highlight{font-style:normal;color:#f76a0c;-webkit-box-decoration-break:clone;box-decoration-break:clone;padding-top:0px;padding-right:0px;padding-bottom:0px;padding-left:0px;}.wp-block-kadence-advancedheading.kt-adv-heading5503_79207f-98 img.kb-inline-image, .wp-block-kadence-advancedheading.kt-adv-heading5503_79207f-98[data-kb-block=\"kb-adv-heading5503_79207f-98\"] img.kb-inline-image{width:150px;vertical-align:baseline;}<\/style>\n<p class=\"kt-adv-heading5503_79207f-98 wp-block-kadence-advancedheading\" data-kb-block=\"kb-adv-heading5503_79207f-98\"><\/p>\n","protected":false},"excerpt":{"rendered":"<p>R\u00e9sultats d\u00e9finitifs 2018 \u00e0 2024<\/p>","protected":false},"author":35,"featured_media":0,"parent":0,"menu_order":0,"comment_status":"closed","ping_status":"closed","template":"","meta":{"_kad_post_transparent":"","_kad_post_title":"","_kad_post_layout":"","_kad_post_sidebar_id":"","_kad_post_content_style":"boxed","_kad_post_vertical_padding":"","_kad_post_feature":"","_kad_post_feature_position":"","_kad_post_header":false,"_kad_post_footer":false,"_kad_post_classname":"","footnotes":""},"class_list":["post-5503","page","type-page","status-publish","hentry"],"_links":{"self":[{"href":"https:\/\/boulingrinquebecbowls.ca\/fr\/wp-json\/wp\/v2\/pages\/5503","targetHints":{"allow":["GET"]}}],"collection":[{"href":"https:\/\/boulingrinquebecbowls.ca\/fr\/wp-json\/wp\/v2\/pages"}],"about":[{"href":"https:\/\/boulingrinquebecbowls.ca\/fr\/wp-json\/wp\/v2\/types\/page"}],"author":[{"embeddable":true,"href":"https:\/\/boulingrinquebecbowls.ca\/fr\/wp-json\/wp\/v2\/users\/35"}],"replies":[{"embeddable":true,"href":"https:\/\/boulingrinquebecbowls.ca\/fr\/wp-json\/wp\/v2\/comments?post=5503"}],"version-history":[{"count":27,"href":"https:\/\/boulingrinquebecbowls.ca\/fr\/wp-json\/wp\/v2\/pages\/5503\/revisions"}],"predecessor-version":[{"id":5604,"href":"https:\/\/boulingrinquebecbowls.ca\/fr\/wp-json\/wp\/v2\/pages\/5503\/revisions\/5604"}],"wp:attachment":[{"href":"https:\/\/boulingrinquebecbowls.ca\/fr\/wp-json\/wp\/v2\/media?parent=5503"}],"curies":[{"name":"wp","href":"https:\/\/api.w.org\/{rel}","templated":true}]}}