{"id":4213,"date":"2025-12-25T17:18:41","date_gmt":"2025-12-25T17:18:41","guid":{"rendered":"https:\/\/boulingrinquebecbowls.ca\/?page_id=4213"},"modified":"2026-03-06T16:25:51","modified_gmt":"2026-03-06T16:25:51","slug":"2025-results-2","status":"publish","type":"page","link":"https:\/\/boulingrinquebecbowls.ca\/en\/2025-results-2\/","title":{"rendered":"2025 Final Results"},"content":{"rendered":"\n\n\n\n<h2 class=\"wp-block-heading has-text-align-center has--font-size\">2025 Tournaments Final Results<\/h2>\n\n\n<style>.kb-row-layout-id4213_b8bc37-03 > .kt-row-column-wrap{align-content:start;}:where(.kb-row-layout-id4213_b8bc37-03 > .kt-row-column-wrap) > .wp-block-kadence-column{justify-content:start;}.kb-row-layout-id4213_b8bc37-03 > .kt-row-column-wrap{column-gap:var(--global-kb-gap-md, 2rem);row-gap:var(--global-kb-gap-md, 2rem);padding-top:var(--global-kb-spacing-sm, 1.5rem);padding-bottom:var(--global-kb-spacing-sm, 1.5rem);grid-template-columns:minmax(0, 1fr);}.kb-row-layout-id4213_b8bc37-03 > .kt-row-layout-overlay{opacity:0.30;}@media all and (max-width: 1024px){.kb-row-layout-id4213_b8bc37-03 > .kt-row-column-wrap{grid-template-columns:minmax(0, 1fr);}}@media all and (max-width: 767px){.kb-row-layout-id4213_b8bc37-03 > .kt-row-column-wrap{grid-template-columns:minmax(0, 1fr);}}<\/style><div class=\"kb-row-layout-wrap kb-row-layout-id4213_b8bc37-03 alignnone wp-block-kadence-rowlayout\"><div class=\"kt-row-column-wrap kt-has-1-columns kt-row-layout-equal kt-tab-layout-inherit kt-mobile-layout-row kt-row-valign-top\">\n\n<\/div><\/div>\n\n<style>.wp-block-kadence-advancedheading.kt-adv-heading4213_e26edb-d6, .wp-block-kadence-advancedheading.kt-adv-heading4213_e26edb-d6[data-kb-block=\"kb-adv-heading4213_e26edb-d6\"]{text-align:center;font-weight:700;font-style:normal;font-family:var( --global-heading-font-family, inherit );}.wp-block-kadence-advancedheading.kt-adv-heading4213_e26edb-d6 mark.kt-highlight, .wp-block-kadence-advancedheading.kt-adv-heading4213_e26edb-d6[data-kb-block=\"kb-adv-heading4213_e26edb-d6\"] mark.kt-highlight{font-style:normal;color:#f76a0c;-webkit-box-decoration-break:clone;box-decoration-break:clone;padding-top:0px;padding-right:0px;padding-bottom:0px;padding-left:0px;}.wp-block-kadence-advancedheading.kt-adv-heading4213_e26edb-d6 img.kb-inline-image, .wp-block-kadence-advancedheading.kt-adv-heading4213_e26edb-d6[data-kb-block=\"kb-adv-heading4213_e26edb-d6\"] img.kb-inline-image{width:150px;vertical-align:baseline;}<\/style>\n<h2 class=\"kt-adv-heading4213_e26edb-d6 wp-block-kadence-advancedheading\" data-kb-block=\"kb-adv-heading4213_e26edb-d6\">Provincial Championships<\/h2>\n\n\n<style>.kb-table-container4213_ad8615-94{overflow-x:auto;}.kb-table4213_ad8615-94 td:nth-of-type(1), .kb-table4213_ad8615-94 th:nth-of-type(1){width:21%;}.kb-table4213_ad8615-94 td:nth-of-type(2), .kb-table4213_ad8615-94 th:nth-of-type(2){width:40%;}.kb-table4213_ad8615-94 td:nth-of-type(3), .kb-table4213_ad8615-94 th:nth-of-type(3){width:39%;}.kb-table4213_ad8615-94{table-layout:fixed;width:100%;}.kb-table-container .kb-table4213_ad8615-94 th{padding-top:var(--global-kb-spacing-xxs, 0.5rem);padding-right:var(--global-kb-spacing-xxs, 0.5rem);padding-bottom:var(--global-kb-spacing-xxs, 0.5rem);padding-left:var(--global-kb-spacing-xxs, 0.5rem);text-align:center;}.kb-table-container .kb-table4213_ad8615-94 caption{text-align:center;}.kb-table-container .kb-table4213_ad8615-94 td{padding-top:var(--global-kb-spacing-xxs, 0.5rem);padding-right:var(--global-kb-spacing-xxs, 0.5rem);padding-bottom:var(--global-kb-spacing-xxs, 0.5rem);padding-left:var(--global-kb-spacing-xxs, 0.5rem);text-align:center;}.kb-table-container .kb-table4213_ad8615-94 td:nth-of-type(1){background-color:var(--global-palette8, #F7FAFC);}.kb-table-container .kb-table4213_ad8615-94 th:nth-of-type(1){background-color:var(--global-palette8, #F7FAFC);}.kb-table-container .kb-table4213_ad8615-94 td, .kb-table4213_ad8615-94 th{border-top:1px solid #0f1524;border-right:1px solid #0f1524;border-bottom:1px solid #0f1524;border-left:1px solid #0f1524;}@media all and (max-width: 1024px){.kb-table-container .kb-table4213_ad8615-94 td, .kb-table4213_ad8615-94 th{border-top:1px solid #0f1524;border-right:1px solid #0f1524;border-bottom:1px solid #0f1524;border-left:1px solid #0f1524;}}@media all and (max-width: 767px){.kb-table-container .kb-table4213_ad8615-94 td, .kb-table4213_ad8615-94 th{border-top:1px solid #0f1524;border-right:1px solid #0f1524;border-bottom:1px solid #0f1524;border-left:1px solid #0f1524;}}<\/style><div class=\"kb-table-container kb-table-container4213_ad8615-94 wp-block-kadence-table\"><table class=\"kb-table kb-table4213_ad8615-94\">\n<tr class=\"kb-table-row kb-table-row4213_350d36-de\">\n<td class=\"kb-table-data kb-table-data4213_8e0048-32\">\n\n<p>Event<\/p>\n\n<\/td>\n\n<td class=\"kb-table-data kb-table-data4213_ea6721-f3\">\n\n<p>Winners Women<\/p>\n\n<\/td>\n\n<td class=\"kb-table-data kb-table-data4213_6f06c2-92\">\n\n<p>Winners Men<\/p>\n\n<\/td>\n<\/tr>\n\n<tr class=\"kb-table-row kb-table-row4213_08deeb-f2\">\n<td class=\"kb-table-data kb-table-data4213_988199-5a\">\n\n<p>Singles<\/p>\n\n<\/td>\n\n<td class=\"kb-table-data kb-table-data4213_d53132-fc\">\n\n<p class=\"has-medium-font-size\"><strong>Pat Chiara<\/strong><\/p>\n\n<\/td>\n\n<td class=\"kb-table-data kb-table-data4213_35a7ad-95\">\n\n<p class=\"has-medium-font-size\"><strong>Ryan Craig<\/strong><\/p>\n\n<\/td>\n<\/tr>\n\n<tr class=\"kb-table-row kb-table-row4213_b4becb-73\">\n<td class=\"kb-table-data kb-table-data4213_6388e5-18\">\n\n<p>Pairs<\/p>\n\n<\/td>\n\n<td class=\"kb-table-data kb-table-data4213_5a7ea0-45\">\n\n<p class=\"has-medium-font-size\"><strong>Carolyn McGarr &amp; Denise Stodja<\/strong><\/p>\n\n<\/td>\n\n<td class=\"kb-table-data kb-table-data4213_e9a3a9-eb\">\n\n<p class=\"has-medium-font-size\"><strong>Ryan Craig &amp; Marco Veilleux<\/strong><\/p>\n\n<\/td>\n<\/tr>\n\n<tr class=\"kb-table-row kb-table-row4213_1a178f-0c\">\n<td class=\"kb-table-data kb-table-data4213_907348-57\">\n\n<p>Triples<\/p>\n\n<\/td>\n\n<td class=\"kb-table-data kb-table-data4213_8315ec-2c\">\n\n<p class=\"has-medium-font-size\"><strong>Paula Pedicelli, Sandra Mitchell &amp; Pat Chiara<\/strong><\/p>\n\n<\/td>\n\n<td class=\"kb-table-data kb-table-data4213_def2a3-11\">\n\n<p><\/p>\n\n<\/td>\n<\/tr>\n\n<tr class=\"kb-table-row kb-table-row4213_20042b-37\">\n<td class=\"kb-table-data kb-table-data4213_296bdc-b1\">\n\n<p>Novice Singles<\/p>\n\n<\/td>\n\n<td class=\"kb-table-data kb-table-data4213_de682a-64\">\n\n<p class=\"has-medium-font-size\"><strong>H\u00e9l\u00e8ne Brunet<\/strong><\/p>\n\n<\/td>\n\n<td class=\"kb-table-data kb-table-data4213_0f748a-65\">\n\n<p class=\"has-medium-font-size\"><strong>Benjamin Par\u00e9<\/strong><\/p>\n\n<\/td>\n<\/tr>\n\n<tr class=\"kb-table-row kb-table-row4213_d96b90-a9\">\n<td class=\"kb-table-data kb-table-data4213_03d3fe-da\">\n\n<p>Mixed Pairs<\/p>\n\n<\/td>\n\n<td class=\"kb-table-data kb-table-data4213_36ab1a-15\">\n\n<p class=\"has-text-align-center has-medium-font-size\"><strong>Henry Fung &amp; Addie Petronko<\/strong><\/p>\n\n<\/td>\n\n<td class=\"kb-table-data kb-table-data4213_dc9538-50\">\n\n<p><\/p>\n\n<\/td>\n<\/tr>\n<\/table><\/div>\n\n\n<h2 class=\"wp-block-heading has-text-align-center has--font-size\">Federation Tournaments<\/h2>\n\n\n<style>.kb-table-container4213_f96a2c-00{overflow-x:auto;}.kb-table4213_f96a2c-00 td:nth-of-type(1), .kb-table4213_f96a2c-00 th:nth-of-type(1){width:26%;}.kb-table4213_f96a2c-00 td:nth-of-type(2), .kb-table4213_f96a2c-00 th:nth-of-type(2){width:74%;}.kb-table4213_f96a2c-00{table-layout:fixed;width:100%;}.kb-table-container .kb-table4213_f96a2c-00 th{padding-top:var(--global-kb-spacing-xxs, 0.5rem);padding-right:var(--global-kb-spacing-xxs, 0.5rem);padding-bottom:var(--global-kb-spacing-xxs, 0.5rem);padding-left:var(--global-kb-spacing-xxs, 0.5rem);text-align:center;}.kb-table-container .kb-table4213_f96a2c-00 caption{text-align:center;}.kb-table-container .kb-table4213_f96a2c-00 td{padding-top:var(--global-kb-spacing-xxs, 0.5rem);padding-right:var(--global-kb-spacing-xxs, 0.5rem);padding-bottom:var(--global-kb-spacing-xxs, 0.5rem);padding-left:var(--global-kb-spacing-xxs, 0.5rem);text-align:left;}.kb-table-container .kb-table4213_f96a2c-00 td:nth-of-type(1){background-color:var(--global-palette8, #F7FAFC);}.kb-table-container .kb-table4213_f96a2c-00 th:nth-of-type(1){background-color:var(--global-palette8, #F7FAFC);}.kb-table-container .kb-table4213_f96a2c-00 td, .kb-table4213_f96a2c-00 th{border-top:1px solid var(--global-palette3, #1A202C);border-right:1px solid var(--global-palette3, #1A202C);border-bottom:1px solid var(--global-palette3, #1A202C);border-left:1px solid var(--global-palette3, #1A202C);}@media all and (max-width: 1024px){.kb-table-container .kb-table4213_f96a2c-00 td, .kb-table4213_f96a2c-00 th{border-top:1px solid var(--global-palette3, #1A202C);border-right:1px solid var(--global-palette3, #1A202C);border-bottom:1px solid var(--global-palette3, #1A202C);border-left:1px solid var(--global-palette3, #1A202C);}}@media all and (max-width: 767px){.kb-table-container .kb-table4213_f96a2c-00 td, .kb-table4213_f96a2c-00 th{border-top:1px solid var(--global-palette3, #1A202C);border-right:1px solid var(--global-palette3, #1A202C);border-bottom:1px solid var(--global-palette3, #1A202C);border-left:1px solid var(--global-palette3, #1A202C);}}<\/style><div class=\"kb-table-container kb-table-container4213_f96a2c-00 is-style-regular is-style-regular wp-block-kadence-table\"><table class=\"kb-table kb-table4213_f96a2c-00\">\n<tr class=\"kb-table-row kb-table-row4213_59be5d-1f\">\n<td class=\"kb-table-data kb-table-data4213_b9e833-72\">\n\n<p class=\"has-text-align-center\">Event<\/p>\n\n<\/td>\n\n<td class=\"kb-table-data kb-table-data4213_ec9674-c7\">\n\n<p class=\"has-text-align-center\">Winners<\/p>\n\n<\/td>\n<\/tr>\n\n<tr class=\"kb-table-row kb-table-row4213_48eb1e-f9\">\n<td class=\"kb-table-data kb-table-data4213_f5385c-89\">\n\n<p class=\"has-text-align-center\" style=\"font-style:normal;font-weight:400\">Open Novice Pairs<\/p>\n\n<\/td>\n\n<td class=\"kb-table-data kb-table-data4213_67dfb5-31\">\n\n<p class=\"has-text-align-center has-medium-font-size\"><strong>Kelso Mallette &amp; Kim DeClerq<\/strong><\/p>\n\n<\/td>\n<\/tr>\n\n<tr class=\"kb-table-row kb-table-row4213_1a0352-5d\">\n<td class=\"kb-table-data kb-table-data4213_d49a77-0f\">\n\n<p class=\"has-text-align-center\" style=\"font-style:normal;font-weight:400\">Mixed Triples<\/p>\n\n<\/td>\n\n<td class=\"kb-table-data kb-table-data4213_e20437-a5\">\n\n<p class=\"has-text-align-center has-medium-font-size\"><strong>Gilles Cayer, Paula Pedicelli &amp; Jonathan Knight<\/strong><\/p>\n\n<\/td>\n<\/tr>\n\n<tr class=\"kb-table-row kb-table-row4213_fddb9c-a8\">\n<td class=\"kb-table-data kb-table-data4213_1b5c49-cf\">\n\n<p class=\"has-text-align-center\" style=\"font-style:normal;font-weight:400\">Swinging Teapot<\/p>\n\n<\/td>\n\n<td class=\"kb-table-data kb-table-data4213_e6164d-ca\">\n\n<p class=\"has-text-align-center has-medium-font-size\"><strong>Pat Chiara, Carol-Ann Oldbury, H\u00e9l\u00e8ne Ratto &amp; Louise L\u00e9v<\/strong>\u00e9<strong>ill\u00e9<\/strong><\/p>\n\n<\/td>\n<\/tr>\n<\/table><\/div>\n\n\n<h2 class=\"wp-block-heading has-text-align-center\">Canadian Championships<\/h2>\n\n\n<style>.kb-table-container4213_0bc0ba-7d{overflow-x:auto;}.kb-table4213_0bc0ba-7d td:nth-of-type(1), .kb-table4213_0bc0ba-7d th:nth-of-type(1){width:33%;}.kb-table4213_0bc0ba-7d td:nth-of-type(2), .kb-table4213_0bc0ba-7d th:nth-of-type(2){width:67%;}.kb-table4213_0bc0ba-7d{table-layout:fixed;width:100%;}.kb-table-container .kb-table4213_0bc0ba-7d th{padding-top:var(--global-kb-spacing-xxs, 0.5rem);padding-right:var(--global-kb-spacing-xxs, 0.5rem);padding-bottom:var(--global-kb-spacing-xxs, 0.5rem);padding-left:var(--global-kb-spacing-xxs, 0.5rem);text-align:center;}.kb-table-container .kb-table4213_0bc0ba-7d caption{text-align:center;}.kb-table-container .kb-table4213_0bc0ba-7d td{padding-top:var(--global-kb-spacing-xxs, 0.5rem);padding-right:var(--global-kb-spacing-xxs, 0.5rem);padding-bottom:var(--global-kb-spacing-xxs, 0.5rem);padding-left:var(--global-kb-spacing-xxs, 0.5rem);text-align:left;}.kb-table-container .kb-table4213_0bc0ba-7d td:nth-of-type(1){background-color:var(--global-palette8, #F7FAFC);}.kb-table-container .kb-table4213_0bc0ba-7d th:nth-of-type(1){background-color:var(--global-palette8, #F7FAFC);}.kb-table-container .kb-table4213_0bc0ba-7d td, .kb-table4213_0bc0ba-7d th{border-top:1px solid var(--global-palette3, #1A202C);border-right:1px solid var(--global-palette3, #1A202C);border-bottom:1px solid var(--global-palette3, #1A202C);border-left:1px solid var(--global-palette3, #1A202C);}@media all and (max-width: 1024px){.kb-table-container .kb-table4213_0bc0ba-7d td, .kb-table4213_0bc0ba-7d th{border-top:1px solid var(--global-palette3, #1A202C);border-right:1px solid var(--global-palette3, #1A202C);border-bottom:1px solid var(--global-palette3, #1A202C);border-left:1px solid var(--global-palette3, #1A202C);}}@media all and (max-width: 767px){.kb-table-container .kb-table4213_0bc0ba-7d td, .kb-table4213_0bc0ba-7d th{border-top:1px solid var(--global-palette3, #1A202C);border-right:1px solid var(--global-palette3, #1A202C);border-bottom:1px solid var(--global-palette3, #1A202C);border-left:1px solid var(--global-palette3, #1A202C);}}<\/style><div class=\"kb-table-container kb-table-container4213_0bc0ba-7d wp-block-kadence-table\"><table class=\"kb-table kb-table4213_0bc0ba-7d\">\n<tr class=\"kb-table-row kb-table-row4213_80a06d-29\">\n<td class=\"kb-table-data kb-table-data4213_8ace02-10\">\n\n<p class=\"has-text-align-center\">Event<\/p>\n\n<\/td>\n\n<td class=\"kb-table-data kb-table-data4213_84b492-5e\">\n\n<p class=\"has-text-align-center\">Winners<\/p>\n\n<\/td>\n<\/tr>\n\n<style>.kb-table-container .kb-table tr.kb-table-row4213_1ed2cc-8f{background-color:#ffd700;}<\/style><tr class=\"kb-table-row kb-table-row4213_1ed2cc-8f\">\n<td class=\"kb-table-data kb-table-data4213_f1dd5b-5d\">\n\n<p class=\"has-text-align-center\">Pairs Gold Medal<\/p>\n\n<\/td>\n\n<td class=\"kb-table-data kb-table-data4213_f75b0b-5f\">\n\n<p class=\"has-text-align-center has-large-font-size\"><strong>Ryan Craig &amp; Marco Veilleux<\/strong><\/p>\n\n<\/td>\n<\/tr>\n\n<style>.kb-table-container .kb-table tr.kb-table-row4213_0323b3-d7{background-color:#bcc6cc;}<\/style><tr class=\"kb-table-row kb-table-row4213_0323b3-d7\">\n<td class=\"kb-table-data kb-table-data4213_2b3d45-94\">\n\n<p class=\"has-text-align-center\">Singles Silver Medal<\/p>\n\n<\/td>\n\n<td class=\"kb-table-data kb-table-data4213_a242af-23\">\n\n<p class=\"has-text-align-center has-medium-font-size\"><strong>Ryan Craig<\/strong><\/p>\n\n<\/td>\n<\/tr>\n<\/table><\/div>\n\n<style>.wp-block-kadence-advancedheading.kt-adv-heading4213_320e53-af, .wp-block-kadence-advancedheading.kt-adv-heading4213_320e53-af[data-kb-block=\"kb-adv-heading4213_320e53-af\"]{text-align:center;font-style:normal;}.wp-block-kadence-advancedheading.kt-adv-heading4213_320e53-af mark.kt-highlight, .wp-block-kadence-advancedheading.kt-adv-heading4213_320e53-af[data-kb-block=\"kb-adv-heading4213_320e53-af\"] mark.kt-highlight{font-style:normal;color:#f76a0c;-webkit-box-decoration-break:clone;box-decoration-break:clone;padding-top:0px;padding-right:0px;padding-bottom:0px;padding-left:0px;}.wp-block-kadence-advancedheading.kt-adv-heading4213_320e53-af img.kb-inline-image, .wp-block-kadence-advancedheading.kt-adv-heading4213_320e53-af[data-kb-block=\"kb-adv-heading4213_320e53-af\"] img.kb-inline-image{width:150px;vertical-align:baseline;}<\/style>\n<h2 class=\"kt-adv-heading4213_320e53-af wp-block-kadence-advancedheading\" data-kb-block=\"kb-adv-heading4213_320e53-af\">Interprovincial Tournaments<\/h2>\n\n\n<style>.kb-table-container4213_01b018-2f{overflow-x:auto;}.kb-table4213_01b018-2f td:nth-of-type(1), .kb-table4213_01b018-2f th:nth-of-type(1){width:33%;}.kb-table4213_01b018-2f{table-layout:fixed;width:100%;}.kb-table-container .kb-table4213_01b018-2f th{padding-top:var(--global-kb-spacing-xxs, 0.5rem);padding-right:var(--global-kb-spacing-xxs, 0.5rem);padding-bottom:var(--global-kb-spacing-xxs, 0.5rem);padding-left:var(--global-kb-spacing-xxs, 0.5rem);text-align:center;}.kb-table-container .kb-table4213_01b018-2f caption{text-align:center;}.kb-table-container .kb-table4213_01b018-2f td{padding-top:var(--global-kb-spacing-xxs, 0.5rem);padding-right:var(--global-kb-spacing-xxs, 0.5rem);padding-bottom:var(--global-kb-spacing-xxs, 0.5rem);padding-left:var(--global-kb-spacing-xxs, 0.5rem);text-align:left;}.kb-table-container .kb-table4213_01b018-2f td:nth-of-type(1){background-color:var(--global-palette8, #F7FAFC);}.kb-table-container .kb-table4213_01b018-2f th:nth-of-type(1){background-color:var(--global-palette8, #F7FAFC);}.kb-table-container .kb-table4213_01b018-2f td, .kb-table4213_01b018-2f th{border-top:1px solid var(--global-palette3, #1A202C);border-right:1px solid var(--global-palette3, #1A202C);border-bottom:1px solid var(--global-palette3, #1A202C);border-left:1px solid var(--global-palette3, #1A202C);}@media all and (max-width: 1024px){.kb-table-container .kb-table4213_01b018-2f td, .kb-table4213_01b018-2f th{border-top:1px solid var(--global-palette3, #1A202C);border-right:1px solid var(--global-palette3, #1A202C);border-bottom:1px solid var(--global-palette3, #1A202C);border-left:1px solid var(--global-palette3, #1A202C);}}@media all and (max-width: 767px){.kb-table-container .kb-table4213_01b018-2f td, .kb-table4213_01b018-2f th{border-top:1px solid var(--global-palette3, #1A202C);border-right:1px solid var(--global-palette3, #1A202C);border-bottom:1px solid var(--global-palette3, #1A202C);border-left:1px solid var(--global-palette3, #1A202C);}}<\/style><div class=\"kb-table-container kb-table-container4213_01b018-2f wp-block-kadence-table\"><table class=\"kb-table kb-table4213_01b018-2f\">\n<tr class=\"kb-table-row kb-table-row4213_7174b2-a1\">\n<th class=\"kb-table-data kb-table-data4213_f0edb1-d0\">\n\n<p>Event<\/p>\n\n<\/th>\n\n<th class=\"kb-table-data kb-table-data4213_9b201e-a8\">\n\n<p>Winners<\/p>\n\n<\/th>\n<\/tr>\n\n<style>.kb-table-container .kb-table tr.kb-table-row4213_a4054f-93{height:0px;}<\/style><tr class=\"kb-table-row kb-table-row4213_a4054f-93\">\n<td class=\"kb-table-data kb-table-data4213_1d9864-07\">\n\n<p class=\"has-text-align-center\">Rose Bowl<\/p>\n\n<\/td>\n\n<td class=\"kb-table-data kb-table-data4213_1b7cb2-c1\">\n\n<p class=\"has-text-align-center has-medium-font-size\"><strong>J. Ducap, D. LeBlanc, M. Cox, &amp; D. Conroy<\/strong><\/p>\n\n\n\n<p class=\"has-text-align-center has-medium-font-size\">with <strong>K. Hoodspith, S. Mitchell, L. Mohan &amp; G. Routley<\/strong><\/p>\n\n<\/td>\n<\/tr>\n\n<style>.kb-table-container .kb-table tr.kb-table-row4213_fbbea0-53{background-color:#bcc6cc;}<\/style><tr class=\"kb-table-row kb-table-row4213_fbbea0-53\">\n<td class=\"kb-table-data kb-table-data4213_3584e7-2a\">\n\n<p>Atlantic Bowls  Men&#8217;s Triples Silver Medal<\/p>\n\n<\/td>\n\n<td class=\"kb-table-data kb-table-data4213_20dcb0-0d\">\n\n<p class=\"has-text-align-center has-medium-font-size\"><strong>John Devlin, Mike Doskas &amp; Gilles Cayer<\/strong><\/p>\n\n<\/td>\n<\/tr>\n\n<style>.kb-table-container .kb-table tr.kb-table-row4213_598a85-cb{background-color:#bcc6cc;}<\/style><tr class=\"kb-table-row kb-table-row4213_598a85-cb\">\n<td class=\"kb-table-data kb-table-data4213_4113e2-2d\">\n\n<p>Atlantic Bowls Men&#8217;s Pairs Silver Medal<\/p>\n\n<\/td>\n\n<td class=\"kb-table-data kb-table-data4213_7965c2-3b\">\n\n<p class=\"has-text-align-center has-medium-font-size\"><strong>Jean-Ren\u00e9 Leduc &amp; Marco Veilleux<\/strong><\/p>\n\n<\/td>\n<\/tr>\n\n<tr class=\"kb-table-row kb-table-row4213_25ccb6-1b\">\n<td class=\"kb-table-data kb-table-data4213_2167ac-55\">\n\n<p>Atlantic Bowls Women&#8217;s Pairs<br>Silver Medal<\/p>\n\n<\/td>\n\n<td class=\"kb-table-data kb-table-data4213_30f130-0a\">\n\n<p class=\"has-text-align-center has-medium-font-size\"><strong>Paula Pedicelli &amp; Ann Belluz<\/strong><\/p>\n\n\n<style>.wp-block-kadence-advancedheading.kt-adv-heading4213_c7d5bd-9b, .wp-block-kadence-advancedheading.kt-adv-heading4213_c7d5bd-9b[data-kb-block=\"kb-adv-heading4213_c7d5bd-9b\"]{text-align:center;font-size:12px;font-style:normal;}.wp-block-kadence-advancedheading.kt-adv-heading4213_c7d5bd-9b mark.kt-highlight, .wp-block-kadence-advancedheading.kt-adv-heading4213_c7d5bd-9b[data-kb-block=\"kb-adv-heading4213_c7d5bd-9b\"] mark.kt-highlight{font-style:normal;color:#f76a0c;-webkit-box-decoration-break:clone;box-decoration-break:clone;padding-top:0px;padding-right:0px;padding-bottom:0px;padding-left:0px;}.wp-block-kadence-advancedheading.kt-adv-heading4213_c7d5bd-9b img.kb-inline-image, .wp-block-kadence-advancedheading.kt-adv-heading4213_c7d5bd-9b[data-kb-block=\"kb-adv-heading4213_c7d5bd-9b\"] img.kb-inline-image{width:150px;vertical-align:baseline;}<\/style>\n<p class=\"kt-adv-heading4213_c7d5bd-9b wp-block-kadence-advancedheading\" data-kb-block=\"kb-adv-heading4213_c7d5bd-9b\">Paula &amp; Ann competed for the P.E.I team<\/p>\n\n<\/td>\n<\/tr>\n<\/table><\/div>","protected":false},"excerpt":{"rendered":"<p>2025 Tournaments Final Results Provincial Championships Federation Tournaments Canadian Championships Interprovincial Tournaments<\/p>\n","protected":false},"author":1,"featured_media":0,"parent":0,"menu_order":0,"comment_status":"closed","ping_status":"closed","template":"","meta":{"_kad_post_transparent":"","_kad_post_title":"","_kad_post_layout":"","_kad_post_sidebar_id":"","_kad_post_content_style":"","_kad_post_vertical_padding":"","_kad_post_feature":"","_kad_post_feature_position":"","_kad_post_header":false,"_kad_post_footer":false,"_kad_post_classname":"","footnotes":""},"class_list":["post-4213","page","type-page","status-publish","hentry"],"_links":{"self":[{"href":"https:\/\/boulingrinquebecbowls.ca\/en\/wp-json\/wp\/v2\/pages\/4213","targetHints":{"allow":["GET"]}}],"collection":[{"href":"https:\/\/boulingrinquebecbowls.ca\/en\/wp-json\/wp\/v2\/pages"}],"about":[{"href":"https:\/\/boulingrinquebecbowls.ca\/en\/wp-json\/wp\/v2\/types\/page"}],"author":[{"embeddable":true,"href":"https:\/\/boulingrinquebecbowls.ca\/en\/wp-json\/wp\/v2\/users\/1"}],"replies":[{"embeddable":true,"href":"https:\/\/boulingrinquebecbowls.ca\/en\/wp-json\/wp\/v2\/comments?post=4213"}],"version-history":[{"count":35,"href":"https:\/\/boulingrinquebecbowls.ca\/en\/wp-json\/wp\/v2\/pages\/4213\/revisions"}],"predecessor-version":[{"id":5603,"href":"https:\/\/boulingrinquebecbowls.ca\/en\/wp-json\/wp\/v2\/pages\/4213\/revisions\/5603"}],"wp:attachment":[{"href":"https:\/\/boulingrinquebecbowls.ca\/en\/wp-json\/wp\/v2\/media?parent=4213"}],"curies":[{"name":"wp","href":"https:\/\/api.w.org\/{rel}","templated":true}]}}